{"id":7066,"date":"2020-09-25T22:51:36","date_gmt":"2020-09-26T02:51:36","guid":{"rendered":"https:\/\/gamergf.net\/all-about-video-games-and-actuality-%f0%9f%95%b9%f0%9f%8c%b8\/"},"modified":"2020-10-07T00:35:52","modified_gmt":"2020-10-07T04:35:52","slug":"all-about-video-games-and-news","status":"publish","type":"page","link":"https:\/\/gamergf.net\/en\/","title":{"rendered":"ALL ABOUT VIDEO GAMES AND NEWS ??"},"content":{"rendered":"\n<p>GamerGF is a blog about video games, news and pop culture where we publish the most important events of the moment. Stay to see our recommendations and enjoy our content.<\/p>\n\n<section class=\"wp-block-uagb-section uagb-section__wrap uagb-section__background-color uagb-block-2fcb7ee9 animated bounceIn\"><div class=\"uagb-section__overlay\"><\/div><div class=\"uagb-section__inner-wrap\">\n<figure class=\"wp-block-gallery columns-3 is-cropped wp-block-gallery-2 is-layout-flex wp-block-gallery-is-layout-flex\"><ul class=\"blocks-gallery-grid\"><li class=\"blocks-gallery-item\"><figure><img loading=\"lazy\" decoding=\"async\" width=\"300\" height=\"169\" src=\"https:\/\/gamergf.net\/wp-content\/uploads\/2020\/05\/videojuegos-300x169.jpg\" alt=\"videogames\" data-id=\"1473\" data-full-url=\"https:\/\/gamergf.net\/wp-content\/uploads\/2020\/05\/videojuegos.jpg\" data-link=\"https:\/\/gamergf.net\/?attachment_id=1473\" class=\"wp-image-1473\" title=\"\" srcset=\"https:\/\/gamergf.net\/wp-content\/uploads\/2020\/05\/videojuegos-300x169.jpg 300w, https:\/\/gamergf.net\/wp-content\/uploads\/2020\/05\/videojuegos-768x432.jpg 768w, https:\/\/gamergf.net\/wp-content\/uploads\/2020\/05\/videojuegos.jpg 600w\" sizes=\"auto, (max-width: 300px) 100vw, 300px\" \/><\/figure><\/li><li class=\"blocks-gallery-item\"><figure><img loading=\"lazy\" decoding=\"async\" width=\"300\" height=\"169\" src=\"https:\/\/gamergf.net\/wp-content\/uploads\/2020\/05\/cine-300x169.jpg\" alt=\"cinema\" data-id=\"1469\" data-full-url=\"https:\/\/gamergf.net\/wp-content\/uploads\/2020\/05\/cine.jpg\" data-link=\"https:\/\/gamergf.net\/?attachment_id=1469\" class=\"wp-image-1469\" title=\"\" srcset=\"https:\/\/gamergf.net\/wp-content\/uploads\/2020\/05\/cine-300x169.jpg 300w, https:\/\/gamergf.net\/wp-content\/uploads\/2020\/05\/cine-768x432.jpg 768w, https:\/\/gamergf.net\/wp-content\/uploads\/2020\/05\/cine.jpg 600w\" sizes=\"auto, (max-width: 300px) 100vw, 300px\" \/><\/figure><\/li><li class=\"blocks-gallery-item\"><figure><img loading=\"lazy\" decoding=\"async\" width=\"300\" height=\"169\" src=\"https:\/\/gamergf.net\/wp-content\/uploads\/2020\/05\/tienda-gamer-300x169.jpg\" alt=\"gaming store\" data-id=\"1472\" data-full-url=\"https:\/\/gamergf.net\/wp-content\/uploads\/2020\/05\/tienda-gamer.jpg\" data-link=\"https:\/\/gamergf.net\/gamergf-todo-sobre-videojuegos-y-actualidad%f0%9f%95%b9%f0%9f%8c%b8\/tienda-gamer-2\/\" class=\"wp-image-1472\" title=\"\" srcset=\"https:\/\/gamergf.net\/wp-content\/uploads\/2020\/05\/tienda-gamer-300x169.jpg 300w, https:\/\/gamergf.net\/wp-content\/uploads\/2020\/05\/tienda-gamer-768x432.jpg 768w, https:\/\/gamergf.net\/wp-content\/uploads\/2020\/05\/tienda-gamer.jpg 600w\" sizes=\"auto, (max-width: 300px) 100vw, 300px\" \/><\/figure><\/li><li class=\"blocks-gallery-item\"><figure><img loading=\"lazy\" decoding=\"async\" width=\"300\" height=\"169\" src=\"https:\/\/gamergf.net\/wp-content\/uploads\/2020\/05\/curiosidades-300x169.jpg\" alt=\"curiosities\" data-id=\"1470\" data-full-url=\"https:\/\/gamergf.net\/wp-content\/uploads\/2020\/05\/curiosidades.jpg\" data-link=\"https:\/\/gamergf.net\/?attachment_id=1470\" class=\"wp-image-1470\" title=\"\" srcset=\"https:\/\/gamergf.net\/wp-content\/uploads\/2020\/05\/curiosidades-300x169.jpg 300w, https:\/\/gamergf.net\/wp-content\/uploads\/2020\/05\/curiosidades-768x432.jpg 768w, https:\/\/gamergf.net\/wp-content\/uploads\/2020\/05\/curiosidades.jpg 600w\" sizes=\"auto, (max-width: 300px) 100vw, 300px\" \/><\/figure><\/li><li class=\"blocks-gallery-item\"><figure><img loading=\"lazy\" decoding=\"async\" width=\"300\" height=\"169\" src=\"https:\/\/gamergf.net\/wp-content\/uploads\/2020\/05\/actualidad-300x169.jpg\" alt=\"news\" data-id=\"1468\" data-full-url=\"https:\/\/gamergf.net\/wp-content\/uploads\/2020\/05\/actualidad.jpg\" data-link=\"https:\/\/gamergf.net\/?attachment_id=1468\" class=\"wp-image-1468\" title=\"\" srcset=\"https:\/\/gamergf.net\/wp-content\/uploads\/2020\/05\/actualidad-300x169.jpg 300w, https:\/\/gamergf.net\/wp-content\/uploads\/2020\/05\/actualidad-768x432.jpg 768w, https:\/\/gamergf.net\/wp-content\/uploads\/2020\/05\/actualidad.jpg 600w\" sizes=\"auto, (max-width: 300px) 100vw, 300px\" \/><\/figure><\/li><li class=\"blocks-gallery-item\"><figure><img loading=\"lazy\" decoding=\"async\" width=\"300\" height=\"169\" src=\"https:\/\/gamergf.net\/wp-content\/uploads\/2020\/05\/keanu-tienda-300x169.jpg\" alt=\"keanu reeves store\" data-id=\"1471\" data-full-url=\"https:\/\/gamergf.net\/wp-content\/uploads\/2020\/05\/keanu-tienda.jpg\" data-link=\"https:\/\/gamergf.net\/?attachment_id=1471\" class=\"wp-image-1471\" title=\"\"><\/figure><\/li><\/ul><\/figure>\n\n\n<p><\/p>\n<\/div><\/section>\n\n<p> <\/p>\n\n\t\t\t<div class=\"wp-block-uagb-post-masonry uagb-post-grid  uagb-post__image-position-top uagb-post__image-enabled uagb-block-f091b75b     uagb-post__items uagb-post__columns-3 is-masonry uagb-post__columns-tablet-2 uagb-post__columns-mobile-1\" data-total=\"1\" style=\"\">\n\n\t\t\t\t\t\t\t\t\t\t\t\t<article class=\"uagb-post__inner-wrap\">\t\t\t\t\t\t\t\t<div class='uagb-post__image'>\n\t\t\t\t\t\t\t\t\t<a href=\"https:\/\/gamergf.net\/en\/interviews-alsacia-plaz-sugar-salt-cartoonist\/\" target=\"_self\" rel=\"bookmark noopener noreferrer\"><img loading=\"lazy\" decoding=\"async\" width=\"300\" height=\"200\" src=\"https:\/\/gamergf.net\/wp-content\/uploads\/2020\/08\/saci-y-azucar-y-sal-collage-300x200.jpg\" class=\"attachment-medium size-medium\" alt=\"Azucar y Sal Alsacia Plaz ilustradora\" srcset=\"https:\/\/gamergf.net\/wp-content\/uploads\/2020\/08\/saci-y-azucar-y-sal-collage-300x200.jpg 300w, https:\/\/gamergf.net\/wp-content\/uploads\/2020\/08\/saci-y-azucar-y-sal-collage.jpg 720w\" sizes=\"auto, (max-width: 300px) 100vw, 300px\" title=\"\">\t\t\t\t\t<\/a>\n\t\t\t\t\t\t\t\t\t<\/div>\n\t\t\t\t\t\t<h4 class=\"uagb-post__title uagb-post__text\">\n\t\t\t\t<a href=\"https:\/\/gamergf.net\/en\/interviews-alsacia-plaz-sugar-salt-cartoonist\/\" target=\"_self\" rel=\"bookmark noopener noreferrer\">Interview with Alsacia Plaz, Sugar &amp; Salt cartoonist &#8220;Sometimes I can&#8217;t draw if I don&#8217;t have candies with me&#8221;<\/a>\n\t\t\t<\/h4>\n\t\t\t\t\t\t<div class='uagb-post__text uagb-post-grid-byline'>\n\t\t\t\t\t\t\t\t<time datetime=\"2020-10-01T23:05:43-04:00\" class=\"uagb-post__date\">\n\t\t\t\t<span class=\"dashicons-calendar dashicons\"><\/span>\t\t\t\t\t1 October 2020\t\t\t\t<\/time>\n\t\t\t\t\t\t<\/div>\n\t\t\t\t\t\t<div class=\"uagb-post__text uagb-post__cta wp-block-button\">\n\t\t\t\t<a class=\"wp-block-button__link uagb-text-link\" style=\"\" href=\"https:\/\/gamergf.net\/en\/interviews-alsacia-plaz-sugar-salt-cartoonist\/\" target=\"_self\" rel=\"bookmark noopener noreferrer\">Read More<\/a>\n\t\t\t<\/div>\n\t\t\t\n\t\t\t\t\t\t\t\t\t<\/article>\n\t\t\t\t\t\t\t\t\t\t\t\t\t\t\t\t<article class=\"uagb-post__inner-wrap\">\t\t\t\t\t\t\t\t<h4 class=\"uagb-post__title uagb-post__text\">\n\t\t\t\t<a href=\"https:\/\/gamergf.net\/en\/twitter-explain-to-a-japanese-artist-what-mimir-means-she-draws-two-little-animals-lying-down-and-calls-them-two-mimir\/\" target=\"_self\" rel=\"bookmark noopener noreferrer\">Twitter explain to a Japanese artist what &#8220;mimir&#8221; means, she draws two little animals lying down and calls them &#8220;two mimir&#8221;<\/a>\n\t\t\t<\/h4>\n\t\t\t\t\t\t<div class='uagb-post__text uagb-post-grid-byline'>\n\t\t\t\t\t\t\t\t<time datetime=\"2020-06-22T17:46:10-04:00\" class=\"uagb-post__date\">\n\t\t\t\t<span class=\"dashicons-calendar dashicons\"><\/span>\t\t\t\t\t22 June 2020\t\t\t\t<\/time>\n\t\t\t\t\t\t<\/div>\n\t\t\t\t\t\t<div class=\"uagb-post__text uagb-post__cta wp-block-button\">\n\t\t\t\t<a class=\"wp-block-button__link uagb-text-link\" style=\"\" href=\"https:\/\/gamergf.net\/en\/twitter-explain-to-a-japanese-artist-what-mimir-means-she-draws-two-little-animals-lying-down-and-calls-them-two-mimir\/\" target=\"_self\" rel=\"bookmark noopener noreferrer\">Read More<\/a>\n\t\t\t<\/div>\n\t\t\t\n\t\t\t\t\t\t\t\t\t<\/article>\n\t\t\t\t\t\t\t\t\t\t\t\t\t\t\t\t<article class=\"uagb-post__inner-wrap\">\t\t\t\t\t\t\t\t<h4 class=\"uagb-post__title uagb-post__text\">\n\t\t\t\t<a href=\"https:\/\/gamergf.net\/en\/japanese-two-mimir-artist-says-oyasumimir-to-a-drawing-combines-good-night-in-japanese-and-mimir-sleep-in-baby-spanish\/\" target=\"_self\" rel=\"bookmark noopener noreferrer\">Japanese &#8220;two mimir&#8221; artist says &#8220;oyasumimir&#8221; to a drawing, combines good night in Japanese and mimir (sleep in &#8220;baby&#8221; Spanish).<\/a>\n\t\t\t<\/h4>\n\t\t\t\t\t\t<div class='uagb-post__text uagb-post-grid-byline'>\n\t\t\t\t\t\t\t\t<time datetime=\"2020-06-22T17:26:40-04:00\" class=\"uagb-post__date\">\n\t\t\t\t<span class=\"dashicons-calendar dashicons\"><\/span>\t\t\t\t\t22 June 2020\t\t\t\t<\/time>\n\t\t\t\t\t\t<\/div>\n\t\t\t\t\t\t<div class=\"uagb-post__text uagb-post__cta wp-block-button\">\n\t\t\t\t<a class=\"wp-block-button__link uagb-text-link\" style=\"\" href=\"https:\/\/gamergf.net\/en\/japanese-two-mimir-artist-says-oyasumimir-to-a-drawing-combines-good-night-in-japanese-and-mimir-sleep-in-baby-spanish\/\" target=\"_self\" rel=\"bookmark noopener noreferrer\">Read More<\/a>\n\t\t\t<\/div>\n\t\t\t\n\t\t\t\t\t\t\t\t\t<\/article>\n\t\t\t\t\t\t\t\t\t\t\t\t\t\t\t\t<article class=\"uagb-post__inner-wrap\">\t\t\t\t\t\t\t\t<h4 class=\"uagb-post__title uagb-post__text\">\n\t\t\t\t<a href=\"https:\/\/gamergf.net\/en\/the-artist-of-two-mimir-says-arigatito-for-arigato-and-gatito-kitty\/\" target=\"_self\" rel=\"bookmark noopener noreferrer\">The artist of &#8220;two mimir&#8221; says &#8220;arigatito&#8221; for arigato and gatito (kitty)<\/a>\n\t\t\t<\/h4>\n\t\t\t\t\t\t<div class='uagb-post__text uagb-post-grid-byline'>\n\t\t\t\t\t\t\t\t<time datetime=\"2020-06-22T16:17:39-04:00\" class=\"uagb-post__date\">\n\t\t\t\t<span class=\"dashicons-calendar dashicons\"><\/span>\t\t\t\t\t22 June 2020\t\t\t\t<\/time>\n\t\t\t\t\t\t<\/div>\n\t\t\t\t\t\t<div class=\"uagb-post__text uagb-post__cta wp-block-button\">\n\t\t\t\t<a class=\"wp-block-button__link uagb-text-link\" style=\"\" href=\"https:\/\/gamergf.net\/en\/the-artist-of-two-mimir-says-arigatito-for-arigato-and-gatito-kitty\/\" target=\"_self\" rel=\"bookmark noopener noreferrer\">Read More<\/a>\n\t\t\t<\/div>\n\t\t\t\n\t\t\t\t\t\t\t\t\t<\/article>\n\t\t\t\t\t\t\t\t\t\t\t<\/div>\n\t\t\t<form role=\"search\" method=\"get\" action=\"https:\/\/gamergf.net\/en\/\" class=\"wp-block-search__button-outside wp-block-search__text-button wp-block-search\"    ><label class=\"wp-block-search__label\" for=\"wp-block-search__input-3\" >\u00bfBuscando algo?<\/label><div class=\"wp-block-search__inside-wrapper \" ><input class=\"wp-block-search__input\" id=\"wp-block-search__input-3\" placeholder=\"\" value=\"\" type=\"search\" name=\"s\" required \/><button aria-label=\"Search\" class=\"wp-block-search__button wp-element-button\" type=\"submit\" >Search<\/button><\/div><\/form>","protected":false},"excerpt":{"rendered":"<p>GamerGF is a blog about video games, news and pop culture where we publish the most important events of the moment. Stay to see our recommendations and enjoy our content.<\/p>\n","protected":false},"author":1,"featured_media":0,"parent":0,"menu_order":0,"comment_status":"closed","ping_status":"closed","template":"","meta":{"_uag_custom_page_level_css":"","neve_meta_sidebar":"right","neve_meta_container":"","neve_meta_enable_content_width":"off","neve_meta_content_width":70,"neve_meta_title_alignment":"","neve_meta_author_avatar":"","neve_post_elements_order":"","neve_meta_disable_header":"","neve_meta_disable_footer":"","neve_meta_disable_title":"","neve_meta_reading_time":"","jetpack_post_was_ever_published":false,"footnotes":""},"class_list":["post-7066","page","type-page","status-publish","hentry"],"uagb_featured_image_src":{"full":false,"thumbnail":false,"medium":false,"medium_large":false,"large":false,"1536x1536":false,"2048x2048":false,"wpvqgr-square-answer":false,"neve-blog":false},"uagb_author_info":{"display_name":"gamerbf","author_link":"https:\/\/gamergf.net\/en\/author\/gamergf\/"},"uagb_comment_info":0,"uagb_excerpt":"GamerGF is a blog about video games, news and pop culture where we publish the most important events of the moment. Stay to see our recommendations and enjoy our content.","jetpack_sharing_enabled":true,"jetpack-related-posts":[{"id":360,"url":"https:\/\/gamergf.net\/politica-de-cookies\/","url_meta":{"origin":7066,"position":0},"title":"Pol\u00edtica de Privacidad y Cookies","author":"gamerbf","date":"11 February 2020","format":false,"excerpt":"Qui\u00e9nes somos La direcci\u00f3n de nuestra web es: https:\/\/gamergf.net. Qu\u00e9 datos personales recogemos y por qu\u00e9 los recogemos Comentarios Cuando los visitantes dejan comentarios en la web, recopilamos los datos que se muestran en el formulario de comentarios, as\u00ed como la direcci\u00f3n IP del visitante y la cadena de agentes\u2026","rel":"","context":"Similar post","block_context":{"text":"Similar post","link":""},"img":{"alt_text":"","src":"","width":0,"height":0},"classes":[]}],"_links":{"self":[{"href":"https:\/\/gamergf.net\/en\/wp-json\/wp\/v2\/pages\/7066","targetHints":{"allow":["GET"]}}],"collection":[{"href":"https:\/\/gamergf.net\/en\/wp-json\/wp\/v2\/pages"}],"about":[{"href":"https:\/\/gamergf.net\/en\/wp-json\/wp\/v2\/types\/page"}],"author":[{"embeddable":true,"href":"https:\/\/gamergf.net\/en\/wp-json\/wp\/v2\/users\/1"}],"replies":[{"embeddable":true,"href":"https:\/\/gamergf.net\/en\/wp-json\/wp\/v2\/comments?post=7066"}],"version-history":[{"count":0,"href":"https:\/\/gamergf.net\/en\/wp-json\/wp\/v2\/pages\/7066\/revisions"}],"wp:attachment":[{"href":"https:\/\/gamergf.net\/en\/wp-json\/wp\/v2\/media?parent=7066"}],"curies":[{"name":"wp","href":"https:\/\/api.w.org\/{rel}","templated":true}]}}